{"id":945,"date":"2016-04-06T12:56:00","date_gmt":"2016-04-06T12:56:00","guid":{"rendered":"https:\/\/panostaja.fi\/en\/investors\/osavuosikatsaukset\/"},"modified":"2026-03-11T16:34:46","modified_gmt":"2026-03-11T14:34:46","slug":"interim-reports","status":"publish","type":"page","link":"https:\/\/panostaja.fi\/en\/investors\/interim-reports\/","title":{"rendered":"Interim Reports"},"content":{"rendered":"<div class=\"content-wrap\"><h3>Interim Reports and Business Reviews 2025<\/h3>\n<p><a href=\"https:\/\/panostaja.fi\/wp-content\/uploads\/2026\/03\/Panostaja-Oyj-Financial-Report-11.3.2026.pdf\" target=\"_blank\" rel=\"noopener\">Financial Report 2025<\/a><\/p>\n<p><a href=\"https:\/\/panostaja.fi\/wp-content\/uploads\/2025\/12\/Panostaja-Oyj-Half-Year-Report-12.12.2025.pdf\" target=\"_blank\" rel=\"noopener\">Half-Year Report Q4 2025<\/a><\/p>\n<p><a href=\"https:\/\/panostaja.fi\/wp-content\/uploads\/2025\/09\/Panostaja-Oyj-Business-Review-5.9.2025-Q3_Appendix.pdf\" target=\"_blank\" rel=\"noopener\">Business Review Q3 2025<\/a><\/p>\n<p><a href=\"https:\/\/panostaja.fi\/wp-content\/uploads\/2025\/06\/Panostaja-Oyj-Half-Year-Report-5.6.2025.pdf\" target=\"_blank\" rel=\"noopener\">Half-Year Report Q2 2025<\/a><\/p>\n<p><a href=\"https:\/\/panostaja.fi\/wp-content\/uploads\/2025\/03\/Panostaja-Oyj-Business-Review-13.3.2025-Q1.pdf\" target=\"_blank\" rel=\"noopener\">Business Review Q1 2025<\/a><\/p>\n<h3>Interim Reports and Business Reviews 2024<\/h3>\n<p><a href=\"https:\/\/panostaja.fi\/wp-content\/uploads\/2024\/12\/Panostaja-Oyj-Financial-Report-13.12.2024.pdf\" target=\"_blank\" rel=\"noopener\">Financial Report Q4 2024<\/a><\/p>\n<p><a href=\"https:\/\/panostaja.fi\/wp-content\/uploads\/2024\/09\/Panostaja-Oyj-Business-Review-4.9.2024-Q3_Appendix.pdf\" target=\"_blank\" rel=\"noopener\">Business Review Q3 2024<\/a><\/p>\n<p><a href=\"https:\/\/panostaja.fi\/wp-content\/uploads\/2016\/03\/Panostaja-Oyj-Half-Year-Report-30.5.2024.pdf\" target=\"_blank\" rel=\"noopener\">Half Year Report Q2 2024<\/a><\/p>\n<p><a href=\"https:\/\/panostaja.fi\/wp-content\/uploads\/2024\/03\/Panostaja-Oyj-Business-Review-14.3.2024-Q1_Appendix.pdf\" target=\"_blank\" rel=\"noopener\">Business Review Q1 2024<\/a><\/p>\n<p>&nbsp;<\/p>\n<h3>Interim Reports and Business Reviews 2023<\/h3>\n<p><a href=\"https:\/\/panostaja.fi\/wp-content\/uploads\/2023\/12\/Panostaja-Oyj-Financial-Statement-15.12.2023-1.pdf\" target=\"_blank\" rel=\"noopener\">Financial Statement Q4 2023<\/a><\/p>\n<p><a href=\"https:\/\/panostaja.fi\/wp-content\/uploads\/2023\/09\/Panostaja-Oyj-Business-Review-1.9.2023-Q3_Appendix.pdf\" target=\"_blank\" rel=\"noopener\">Business Review Q3 2023<\/a><\/p>\n<p><a href=\"https:\/\/panostaja.fi\/wp-content\/uploads\/2016\/03\/Panostaja-Oyj-Half-year-Report-2.6.2023.pdf\" target=\"_blank\" rel=\"noopener\">Half Year Report Q2 2023<\/a><\/p>\n<p><a href=\"https:\/\/panostaja.fi\/wp-content\/uploads\/2023\/03\/Panostaja-Oyj-Business-Review-15.3.2023-Q1_Appendix.pdf\" target=\"_blank\" rel=\"noopener\">Business Review Q1 2023<\/a><\/p>\n<p>&nbsp;<\/p>\n<h3>Interim Reports and Business Reviews 2022<\/h3>\n<p><a href=\"https:\/\/panostaja.fi\/wp-content\/uploads\/2022\/12\/Panostaja-Oyj-Financial-Statement-15.12.2022_Appendix.pdf\" target=\"_blank\" rel=\"noopener\">Financial Statement Q4 2022<\/a><\/p>\n<p><a href=\"https:\/\/panostaja.fi\/wp-content\/uploads\/2022\/09\/Panostaja-Oyj-Business-Review-1.9.2022-Q3_Appendix.pdf\" target=\"_blank\" rel=\"noopener\">Business Review Q3 2022<\/a><\/p>\n<p><a href=\"https:\/\/panostaja.fi\/wp-content\/uploads\/2022\/06\/Panostaja-Oyj-Half-year-Report-2.6.2022.pdf\" target=\"_blank\" rel=\"noopener\">Half Year Report Q2 2022<\/a><\/p>\n<p><a href=\"https:\/\/panostaja.fi\/wp-content\/uploads\/2022\/03\/Panostaja-Oyj-Business-Review-15.3.2022-Q1_Appendix.pdf\" target=\"_blank\" rel=\"noopener\">Business Review Q1 2022<\/a><\/p>\n<h3>Interim Reports and Business Reviews 2021<\/h3>\n<p><a href=\"https:\/\/panostaja.fi\/wp-content\/uploads\/2021\/12\/Panostaja-Oyj-Financial-Statement-14.12.2021_Appendix.pdf\" target=\"_blank\" rel=\"noopener\">Financial Statement Q4 2021<\/a><\/p>\n<p><a href=\"https:\/\/panostaja.fi\/wp-content\/uploads\/2021\/09\/Panostaja-Oyj-Business-Review-Q3_2.9.2021_Appendix.pdf\" target=\"_blank\" rel=\"noopener\">Business Review Q3 2021<\/a><\/p>\n<p><a href=\"https:\/\/panostaja.fi\/wp-content\/uploads\/2021\/06\/Panostaja-Oyj-Half-year-Financial-Report-3.6.2021_Appendix.pdf\" target=\"_blank\" rel=\"noopener\">Half Year Report Q2 2021<\/a><\/p>\n<p><a href=\"https:\/\/panostaja.fi\/wp-content\/uploads\/2021\/03\/Panostaja-Oyj-Business-Review-16.3.2021-Q1_Appendix.pdf\" target=\"_blank\" rel=\"noopener noreferrer\">Business Review Q1 2021<\/a><\/p>\n<p>&nbsp;<\/p>\n<h3>Interim Reports and Business Reviews 2020<\/h3>\n<p><a href=\"https:\/\/panostaja.fi\/wp-content\/uploads\/2020\/12\/Panostaja-Oyj-Financial-Statement-11.12.2020_Appendix.pdf\" target=\"_blank\" rel=\"noopener noreferrer\">Financial Statement Q4 2020<\/a><\/p>\n<p><a href=\"https:\/\/panostaja.fi\/wp-content\/uploads\/2020\/09\/Panostaja-Oyj-Business-Review-Q3_3.9.2020_Appendix.pdf\" target=\"_blank\" rel=\"noopener noreferrer\">Business Review Q3 2020<\/a><\/p>\n<p><a href=\"https:\/\/panostaja.fi\/wp-content\/uploads\/2020\/06\/Panostaja-Oyj-Half-Year-Report_4.6.2020-Q2_Appendix.pdf\" target=\"_blank\" rel=\"noopener noreferrer\">Half Year Report Q2 2020<\/a><\/p>\n<p><a href=\"https:\/\/panostaja.fi\/wp-content\/uploads\/2020\/03\/Panostaja-Oyj-Business-Review_11.3.2020-Q1_Appendix.pdf\" target=\"_blank\" rel=\"noopener noreferrer\">Business Review Q1 2020<\/a><\/p>\n<p>&nbsp;<\/p>\n<h3>Interim Reports and Business Reviews 2019<\/h3>\n<p><a href=\"https:\/\/panostaja.fi\/wp-content\/uploads\/2019\/12\/Panostaja-Oyj-Financial-Statement-13.12.2019_Appendix.pdf\" target=\"_blank\" rel=\"noopener noreferrer\">Financial Statement Q4 2019<\/a><\/p>\n<p><a href=\"https:\/\/panostaja.fi\/wp-content\/uploads\/2019\/09\/Panostaja-Oyj-5.9.2019-Business-Review-Q3-2019.pdf\" target=\"_blank\" rel=\"noopener noreferrer\">Business Review Q3 2019<\/a><\/p>\n<p><a href=\"https:\/\/panostaja.fi\/wp-content\/uploads\/2019\/06\/Panostaja-Oyj-Half-Year-Report-6.6.2019-Q2.pdf\" target=\"_blank\" rel=\"noopener noreferrer\">Half Year Report Q2 2019<\/a><\/p>\n<p><a href=\"https:\/\/panostaja.fi\/wp-content\/uploads\/2019\/03\/Panostaja-Oyj-Business-Review-Q1-2019-2.pdf\" target=\"_blank\" rel=\"noopener noreferrer\">Business Review Q1 2019<\/a><\/p>\n<p>&nbsp;<\/p>\n<h3>Interim Reports 2018<\/h3>\n<p><a href=\"https:\/\/panostaja.fi\/wp-content\/uploads\/2019\/03\/Panostaja-Oyj-Financial-Statement-13.12.2018-1.pdf\" target=\"_blank\" rel=\"noopener noreferrer\">Financial Statement Q4 2018<\/a><\/p>\n<p><a href=\"https:\/\/panostaja.fi\/wp-content\/uploads\/2018\/09\/Panostaja-Oyj-Stock-Exchange-Bulletin-6-9-2018-Interim-Report-Q3_-APPENDIX-ID-22373.pdf\" target=\"_blank\" rel=\"noopener noreferrer\">Interim Report Q3 2018<\/a><\/p>\n<p><a href=\"https:\/\/panostaja.fi\/wp-content\/uploads\/2018\/09\/Panostaja-Oyj-31.5.2018-Half-Year-Report.pdf\" target=\"_blank\" rel=\"noopener noreferrer\">Half Year Report Q2 2018<\/a><\/p>\n<p><a href=\"https:\/\/panostaja.fi\/wp-content\/uploads\/2018\/09\/Panostaja-Oyj-Stock-Exchange-Bulletin-1-3-2018-Interim-Report-Q1_-APPENDIX-ID-21910.pdf\" target=\"_blank\" rel=\"noopener noreferrer\">Interim Report Q1 2018<\/a><\/p>\n<p><a href=\"https:\/\/panostaja.fi\/wp-content\/uploads\/2016\/04\/Panostaja-Oyj-Porssitiedote-1-6-2017-Semi-Annual-Report-Q2_-APPENDIX-ID-20947.pdf\" target=\"_blank\" rel=\"noopener noreferrer\">\u00a0<\/a><\/p>\n<p>&nbsp;<\/p>\n<h3>Interim Reports 2017<\/h3>\n<p><a href=\"https:\/\/panostaja.fi\/wp-content\/uploads\/2018\/09\/Panostaja-Oyj-Porssitiedote-14-12-2017-Tilinp\u00e4\u00e4t\u00f6stiedote-Q4_-LIITE_UUSI-ENG-ID-21595.pdf\" target=\"_blank\" rel=\"noopener noreferrer\">Financial Statement\/Interim Report Q4 2017<\/a><\/p>\n<p><a href=\"https:\/\/panostaja.fi\/wp-content\/uploads\/2016\/04\/Panostaja-Oyj-Stock-Exchange-Bulletin-7-9-2017-Interim-Report-Q3_-APPENDIX-ID-21157.pdf\" target=\"_blank\" rel=\"noopener noreferrer\">Interim Report Q3 2017<\/a><\/p>\n<p><a href=\"https:\/\/panostaja.fi\/wp-content\/uploads\/2016\/04\/Panostaja-Oyj-Porssitiedote-1-6-2017-Semi-Annual-Report-Q2_-APPENDIX-ID-20947.pdf\" target=\"_blank\" rel=\"noopener noreferrer\">Half Year Report Q2 2017<\/a><\/p>\n<p><a href=\"https:\/\/panostaja.fi\/wp-content\/uploads\/2016\/04\/Panostaja-Oyj-Stock-Exchange-Bulletin-2-3-2017-Interim-Report-Q1_APPENDIX-ID-20460-ID-20603.pdf\" target=\"_blank\" rel=\"noopener noreferrer\">Interim Report Q1 2017<\/a><\/p>\n<p><a href=\"https:\/\/panostaja.fi\/wp-content\/uploads\/2016\/04\/Panostaja-Oyj-Porssitiedote-1-6-2017-Semi-Annual-Report-Q2_-APPENDIX-ID-20947.pdf\" target=\"_blank\" rel=\"noopener noreferrer\">\u00a0<\/a><\/p>\n<p><span style=\"color: #ffffff;\">*<\/span><\/p>\n<h3>Interim Reports 2016<\/h3>\n<p><a href=\"https:\/\/panostaja.fi\/wp-content\/uploads\/2016\/04\/Panostaja-Oyj-9-12-2016-Financial-Statement_Appendix-ID-20260.pdf\" target=\"_blank\" rel=\"noopener noreferrer\">Financial Statement\/Interim Report Q4 2016<\/a><\/p>\n<p><a href=\"https:\/\/panostaja.fi\/wp-content\/uploads\/2016\/04\/Panostaja-Oyj-Stock-Exchange-Bulletin-1-9-2016-Interim-Report-Q3_-APPENDIX_ENG-ID-19908-ID-19909.pdf\" target=\"_blank\" rel=\"noopener noreferrer\">Interim Report Q3 2016<\/a><\/p>\n<p><a href=\"https:\/\/panostaja.fi\/wp-content\/uploads\/2016\/03\/Panostaja-Oyj-Porssitiedote-2-6-2016-Osavuosikatsaus-Q2_-LIITE-MASTER3-ENG-ID-19667.pdf\" target=\"_blank\" rel=\"noopener noreferrer\">Interim Report Q2 2016 <\/a><\/p>\n<p><a href=\"https:\/\/panostaja.fi\/wp-content\/uploads\/2016\/03\/2016-Panostaja-Oyj-Interim-Report-2016-Q1_EN.pdf\" target=\"_blank\" rel=\"noopener noreferrer\">Interim Report Q1 2016<\/a><\/p>\n<p>&nbsp;<\/p>\n<h3>Interim Reports 2015<\/h3>\n<p><a href=\"https:\/\/panostaja.fi\/wp-content\/uploads\/2016\/03\/2015-Panostaja-Oyj-Financial-Statement-Bulletin-2015_EN.pdf\" target=\"_blank\" rel=\"noopener noreferrer\">Financial Statement\/Interim report Q4 2015 <\/a><\/p>\n<p><a href=\"https:\/\/panostaja.fi\/wp-content\/uploads\/2016\/03\/2015-Panostaja-Oyj-Interim-Report-2015-Q3_EN.pdf\" target=\"_blank\" rel=\"noopener noreferrer\">Interim Report Q3 2015 <\/a><\/p>\n<p><a href=\"https:\/\/panostaja.fi\/wp-content\/uploads\/2016\/03\/2015-Panostaja-Oyj-Interim-Report-2015-Q2_EN.pdf\" target=\"_blank\" rel=\"noopener noreferrer\">Interim Report Q2 2015 <\/a><\/p>\n<p><a href=\"https:\/\/panostaja.fi\/wp-content\/uploads\/2016\/03\/2015-Panostaja-Oyj-Interim-Report-2015-Q1_EN.pdf\" target=\"_blank\" rel=\"noopener noreferrer\">Interim Report Q1 2015 <\/a><\/p>\n<p>&nbsp;<\/p>\n<h3>Interim Reports 2014<\/h3>\n<p><a href=\"https:\/\/panostaja.fi\/wp-content\/uploads\/2016\/03\/2014-Panostaja-Oyj-Financial-Statement-Bulletin-2014_EN.pdf\" target=\"_blank\" rel=\"noopener noreferrer\">Financial Statement\/Interim report Q4 2014 <\/a><\/p>\n<p><a href=\"https:\/\/panostaja.fi\/wp-content\/uploads\/2016\/03\/2014-Panostaja-Oyj-Interim-Report-2014-Q3_EN.pdf\" target=\"_blank\" rel=\"noopener noreferrer\">Interim Report Q3 2014 <\/a><\/p>\n<p><a href=\"https:\/\/panostaja.fi\/wp-content\/uploads\/2016\/03\/2014-Panostaja-Oyj-Interim-Report-2014-Q2_EN.pdf\">Interim Report Q2 2014 <\/a><\/p>\n<p><a href=\"https:\/\/panostaja.fi\/wp-content\/uploads\/2016\/03\/2014-Panostaja-Oyj-Interim-Report-2014-Q1_EN.pdf\" target=\"_blank\" rel=\"noopener noreferrer\">Interim Report Q1 2014 <\/a><\/p>\n<h3><\/h3>\n<\/div>","protected":false},"excerpt":{"rendered":"<p>Interim Reports and Business Reviews 2025 Financial Report 2025 Half-Year Report Q4 2025 Business Review Q3 2025 Half-Year Report Q2 2025 Business Review Q1 2025 Interim Reports and Business Reviews&#8230;<\/p>\n","protected":false},"author":2,"featured_media":0,"parent":311,"menu_order":0,"comment_status":"closed","ping_status":"closed","template":"page-templates\/investors.php","meta":{"_acf_changed":false,"inline_featured_image":false,"footnotes":""},"class_list":["post-945","page","type-page","status-publish","hentry"],"acf":[],"yoast_head":"<!-- This site is optimized with the Yoast SEO plugin v26.4 - https:\/\/yoast.com\/wordpress\/plugins\/seo\/ -->\n<title>Interim Reports - Panostaja<\/title>\n<meta name=\"robots\" content=\"index, follow, max-snippet:-1, max-image-preview:large, max-video-preview:-1\" \/>\n<link rel=\"canonical\" href=\"https:\/\/panostaja.fi\/en\/investors\/interim-reports\/\" \/>\n<meta property=\"og:locale\" content=\"en_US\" \/>\n<meta property=\"og:type\" content=\"article\" \/>\n<meta property=\"og:title\" content=\"Interim Reports - Panostaja\" \/>\n<meta property=\"og:description\" content=\"Interim Reports and Business Reviews 2025 Financial Report 2025 Half-Year Report Q4 2025 Business Review Q3 2025 Half-Year Report Q2 2025 Business Review Q1 2025 Interim Reports and Business Reviews...\" \/>\n<meta property=\"og:url\" content=\"https:\/\/panostaja.fi\/en\/investors\/interim-reports\/\" \/>\n<meta property=\"og:site_name\" content=\"Panostaja\" \/>\n<meta property=\"article:modified_time\" content=\"2026-03-11T14:34:46+00:00\" \/>\n<meta name=\"twitter:card\" content=\"summary_large_image\" \/>\n<meta name=\"twitter:label1\" content=\"Est. reading time\" \/>\n\t<meta name=\"twitter:data1\" content=\"1 minute\" \/>\n<script type=\"application\/ld+json\" class=\"yoast-schema-graph\">{\"@context\":\"https:\/\/schema.org\",\"@graph\":[{\"@type\":\"WebPage\",\"@id\":\"https:\/\/panostaja.fi\/en\/investors\/interim-reports\/\",\"url\":\"https:\/\/panostaja.fi\/en\/investors\/interim-reports\/\",\"name\":\"Interim Reports - Panostaja\",\"isPartOf\":{\"@id\":\"https:\/\/panostaja.fi\/#website\"},\"datePublished\":\"2016-04-06T12:56:00+00:00\",\"dateModified\":\"2026-03-11T14:34:46+00:00\",\"breadcrumb\":{\"@id\":\"https:\/\/panostaja.fi\/en\/investors\/interim-reports\/#breadcrumb\"},\"inLanguage\":\"en-US\",\"potentialAction\":[{\"@type\":\"ReadAction\",\"target\":[\"https:\/\/panostaja.fi\/en\/investors\/interim-reports\/\"]}]},{\"@type\":\"BreadcrumbList\",\"@id\":\"https:\/\/panostaja.fi\/en\/investors\/interim-reports\/#breadcrumb\",\"itemListElement\":[{\"@type\":\"ListItem\",\"position\":1,\"name\":\"Investors\",\"item\":\"https:\/\/panostaja.fi\/en\/investors\/\"},{\"@type\":\"ListItem\",\"position\":2,\"name\":\"Interim Reports\"}]},{\"@type\":\"WebSite\",\"@id\":\"https:\/\/panostaja.fi\/#website\",\"url\":\"https:\/\/panostaja.fi\/\",\"name\":\"Panostaja\",\"description\":\"Just another WordPress site\",\"potentialAction\":[{\"@type\":\"SearchAction\",\"target\":{\"@type\":\"EntryPoint\",\"urlTemplate\":\"https:\/\/panostaja.fi\/?s={search_term_string}\"},\"query-input\":{\"@type\":\"PropertyValueSpecification\",\"valueRequired\":true,\"valueName\":\"search_term_string\"}}],\"inLanguage\":\"en-US\"}]}<\/script>\n<!-- \/ Yoast SEO plugin. -->","yoast_head_json":{"title":"Interim Reports - Panostaja","robots":{"index":"index","follow":"follow","max-snippet":"max-snippet:-1","max-image-preview":"max-image-preview:large","max-video-preview":"max-video-preview:-1"},"canonical":"https:\/\/panostaja.fi\/en\/investors\/interim-reports\/","og_locale":"en_US","og_type":"article","og_title":"Interim Reports - Panostaja","og_description":"Interim Reports and Business Reviews 2025 Financial Report 2025 Half-Year Report Q4 2025 Business Review Q3 2025 Half-Year Report Q2 2025 Business Review Q1 2025 Interim Reports and Business Reviews...","og_url":"https:\/\/panostaja.fi\/en\/investors\/interim-reports\/","og_site_name":"Panostaja","article_modified_time":"2026-03-11T14:34:46+00:00","twitter_card":"summary_large_image","twitter_misc":{"Est. reading time":"1 minute"},"schema":{"@context":"https:\/\/schema.org","@graph":[{"@type":"WebPage","@id":"https:\/\/panostaja.fi\/en\/investors\/interim-reports\/","url":"https:\/\/panostaja.fi\/en\/investors\/interim-reports\/","name":"Interim Reports - Panostaja","isPartOf":{"@id":"https:\/\/panostaja.fi\/#website"},"datePublished":"2016-04-06T12:56:00+00:00","dateModified":"2026-03-11T14:34:46+00:00","breadcrumb":{"@id":"https:\/\/panostaja.fi\/en\/investors\/interim-reports\/#breadcrumb"},"inLanguage":"en-US","potentialAction":[{"@type":"ReadAction","target":["https:\/\/panostaja.fi\/en\/investors\/interim-reports\/"]}]},{"@type":"BreadcrumbList","@id":"https:\/\/panostaja.fi\/en\/investors\/interim-reports\/#breadcrumb","itemListElement":[{"@type":"ListItem","position":1,"name":"Investors","item":"https:\/\/panostaja.fi\/en\/investors\/"},{"@type":"ListItem","position":2,"name":"Interim Reports"}]},{"@type":"WebSite","@id":"https:\/\/panostaja.fi\/#website","url":"https:\/\/panostaja.fi\/","name":"Panostaja","description":"Just another WordPress site","potentialAction":[{"@type":"SearchAction","target":{"@type":"EntryPoint","urlTemplate":"https:\/\/panostaja.fi\/?s={search_term_string}"},"query-input":{"@type":"PropertyValueSpecification","valueRequired":true,"valueName":"search_term_string"}}],"inLanguage":"en-US"}]}},"_links":{"self":[{"href":"https:\/\/panostaja.fi\/en\/wp-json\/wp\/v2\/pages\/945","targetHints":{"allow":["GET"]}}],"collection":[{"href":"https:\/\/panostaja.fi\/en\/wp-json\/wp\/v2\/pages"}],"about":[{"href":"https:\/\/panostaja.fi\/en\/wp-json\/wp\/v2\/types\/page"}],"author":[{"embeddable":true,"href":"https:\/\/panostaja.fi\/en\/wp-json\/wp\/v2\/users\/2"}],"replies":[{"embeddable":true,"href":"https:\/\/panostaja.fi\/en\/wp-json\/wp\/v2\/comments?post=945"}],"version-history":[{"count":50,"href":"https:\/\/panostaja.fi\/en\/wp-json\/wp\/v2\/pages\/945\/revisions"}],"predecessor-version":[{"id":11200,"href":"https:\/\/panostaja.fi\/en\/wp-json\/wp\/v2\/pages\/945\/revisions\/11200"}],"up":[{"embeddable":true,"href":"https:\/\/panostaja.fi\/en\/wp-json\/wp\/v2\/pages\/311"}],"wp:attachment":[{"href":"https:\/\/panostaja.fi\/en\/wp-json\/wp\/v2\/media?parent=945"}],"curies":[{"name":"wp","href":"https:\/\/api.w.org\/{rel}","templated":true}]}}